{"id":2559,"date":"2024-11-06T12:18:59","date_gmt":"2024-11-06T09:18:59","guid":{"rendered":"https:\/\/equ1.de\/blog\/"},"modified":"2025-04-11T14:41:51","modified_gmt":"2025-04-11T11:41:51","slug":"blog","status":"publish","type":"page","link":"https:\/\/equ1.de\/en\/blog\/","title":{"rendered":"Blog"},"content":{"rendered":"\t\t<div data-elementor-type=\"wp-page\" data-elementor-id=\"2559\" class=\"elementor elementor-2559 elementor-939\" data-elementor-post-type=\"page\">\n\t\t\t\t\t\t<section class=\"elementor-section elementor-top-section elementor-element elementor-element-d8aa78d elementor-section-full_width elementor-section-height-default elementor-section-height-default\" data-id=\"d8aa78d\" data-element_type=\"section\">\n\t\t\t\t\t\t<div class=\"elementor-container elementor-column-gap-no\">\n\t\t\t\t\t<div class=\"elementor-column elementor-col-100 elementor-top-column elementor-element elementor-element-10fbb7d\" data-id=\"10fbb7d\" data-element_type=\"column\">\n\t\t\t<div class=\"elementor-widget-wrap elementor-element-populated\">\n\t\t\t\t\t\t<div class=\"elementor-element elementor-element-991fc3d elementor-align-left elementor-widget elementor-widget-bdevs-page-banner\" data-id=\"991fc3d\" data-element_type=\"widget\" data-widget_type=\"bdevs-page-banner.default\">\n\t\t\t\t<div class=\"elementor-widget-container\">\n\t\t\t\t\t  \r\n    <!-- Banner Section Start -->\r\n        <section class=\"banner-area pt-220 pb-250 rpt-150 rpb-100 corner-shapes-wrap\" style=\"background-image: url(http:\/\/equ1.de\/wp-content\/uploads\/2024\/11\/hakkimizda-hero-gorsel.jpg);\">\r\n            <div class=\"corner-shapes\"><\/div>\r\n        <div class=\"container container-1170 pb-200 rpb-0\">\r\n            <div class=\"row align-items-center justify-content-between\">\r\n                <div class=\"col-xl-8 col-lg-12\">\r\n                    <div class=\"banner-content rmb-65 wow fadeInUp delay-0-2s\">\r\n                        <nav aria-label=\"breadcrumb\" class=\"mb-35 rmb-20\">\r\n                            <ol class=\"breadcrumb wow fadeInUp delay-0-4s\">\r\n                                                                <li class=\"breadcrumb-item\"><a href=\"https:\/\/equ1.de\/en\/\">Ana Sayfa<\/a><\/li>\r\n                                                                                                <li class=\"breadcrumb-item active\">Blog<\/li>\r\n                                                            <\/ol>\r\n                        <\/nav>\r\n                                                <h1>Blog <\/h1>\r\n                                                                    <\/div>\r\n                <\/div>\r\n            <\/div>\r\n        <\/div>\r\n    <\/section>\r\n    <!-- Banner Section End -->\r\n    \t\t\t\t<\/div>\n\t\t\t\t<\/div>\n\t\t\t\t\t<\/div>\n\t\t<\/div>\n\t\t\t\t\t<\/div>\n\t\t<\/section>\n\t\t\t\t<section class=\"elementor-section elementor-top-section elementor-element elementor-element-cc49078 elementor-section-full_width elementor-section-height-default elementor-section-height-default\" data-id=\"cc49078\" data-element_type=\"section\">\n\t\t\t\t\t\t<div class=\"elementor-container elementor-column-gap-no\">\n\t\t\t\t\t<div class=\"elementor-column elementor-col-100 elementor-top-column elementor-element elementor-element-e3b33bd\" data-id=\"e3b33bd\" data-element_type=\"column\">\n\t\t\t<div class=\"elementor-widget-wrap elementor-element-populated\">\n\t\t\t\t\t\t<div class=\"elementor-element elementor-element-57f6f05 elementor-align-left elementor-widget elementor-widget-bdevs-blog\" data-id=\"57f6f05\" data-element_type=\"widget\" data-widget_type=\"bdevs-blog.default\">\n\t\t\t\t<div class=\"elementor-widget-container\">\n\t\t\t\t\t                 \n        <!-- Blog Area start -->\n        <section class=\"blog-area pt-120 pb-80\">\n            <div class=\"container\">\n                                <div class=\"row\">\n                    <div class=\"col-xl-5 col-lg-7\">\n                        <div class=\"section-title mb-80 rmb-35 wow fadeInUp delay-0-2s\">\n                                                        <span class=\"sub-title mb-75 rmb-30 wow fadeInUp delay-0-4s\">Blog posts<\/span>\n                                                                                    <h2>Blog posts<\/h2>\n                                                    <\/div>\n                    <\/div>\n                                        <div class=\"col-xl-7 col-lg-5 align-self-end text-lg-end\">\n                        <a href=\"#\" class=\"theme-btn style-five mb-65 wow fadeInUp delay-0-2s\">See All \n                                                        <i class=\"fal fa-long-arrow-right\"><\/i>\n                                                    <\/a>\n                    <\/div>\n                                    <\/div>\n                                <div class=\"row\">\n                     \n                    <div class=\"col-xl-4 col-md-6\">\n                        <div class=\"blog-item wow fadeInUp delay-0-2s\">\n                                                        <div class=\"image\">\n                                <img decoding=\"async\" src=\"https:\/\/equ1.de\/wp-content\/uploads\/2024\/02\/blog4-1.jpg\" alt=\"Blog\">\n                            <\/div>\n                                                        <div class=\"content\">\n                                                                                                                                <a class=\"category\" href=\"https:\/\/equ1.de\/category\/nicht-kategorisiert\/\">Nicht kategorisiert<\/a>\n                                                                                                <h5><a href=\"https:\/\/equ1.de\/en\/new-standards-in-quality-and-sustainability-with-equ1\/\">New Standards in Quality and Sustainability with EQU1<\/a><\/h5>\n                                                                <p>Maecenas pharetra convallis posuere morbi leo urna molestie at. Posuere urna nec tincidunt praesent semper feugiat nibh sed pulvinar. Nunc non blandit massa enim...<\/p>\n                                                                <a href=\"https:\/\/equ1.de\/en\/new-standards-in-quality-and-sustainability-with-equ1\/\" class=\"theme-btn style-five\">                                View Details \n                                                                        <i class=\"fal fa-long-arrow-right\"><\/i>\n                                                                    <\/a>\n                                <ul class=\"blog-meta\">\n                                    <li>\n                                        <i class=\"fal fa-comment-dots\"><\/i>\n                                        0                                    <\/li>\n                                    <li>\n                                        <i class=\"fal fa-user\"><\/i>\n                                        <span class=\"before-author\">                                        By:<\/span> <a href=\"https:\/\/equ1.de\/en\/author\/arzbau\/\" title=\"Posts by equ1\" rel=\"author\">equ1<\/a>                                    <\/li>\n                                    <li>\n                                        <i class=\"fal fa-calendar-alt\"><\/i>\n                                        7 February 2024                                    <\/li>\n                                <\/ul>\n                            <\/div>\n                        <\/div>\n                    <\/div>\n                                         \n                    <div class=\"col-xl-4 col-md-6\">\n                        <div class=\"blog-item wow fadeInUp delay-0-4s\">\n                                                        <div class=\"image\">\n                                <img decoding=\"async\" src=\"https:\/\/equ1.de\/wp-content\/uploads\/2024\/02\/blog1-5.jpg\" alt=\"Blog\">\n                            <\/div>\n                                                        <div class=\"content\">\n                                                                                                                                <a class=\"category\" href=\"https:\/\/equ1.de\/en\/category\/uncategorized\/\">Uncategorized<\/a>\n                                                                                                <h5><a href=\"https:\/\/equ1.de\/en\/architecture-tips\/\">Architecture Tips<\/a><\/h5>\n                                                                <p>Dolor morbi non arcu risus quis varius quam quisque. Purus faucibus ornare suspendisse sed. Blandit volutpat maecenas volutpat...<\/p>\n                                                                <a href=\"https:\/\/equ1.de\/en\/architecture-tips\/\" class=\"theme-btn style-five\">                                View Details \n                                                                        <i class=\"fal fa-long-arrow-right\"><\/i>\n                                                                    <\/a>\n                                <ul class=\"blog-meta\">\n                                    <li>\n                                        <i class=\"fal fa-comment-dots\"><\/i>\n                                        0                                    <\/li>\n                                    <li>\n                                        <i class=\"fal fa-user\"><\/i>\n                                        <span class=\"before-author\">                                        By:<\/span> <a href=\"https:\/\/equ1.de\/en\/author\/arzbau\/\" title=\"Posts by equ1\" rel=\"author\">equ1<\/a>                                    <\/li>\n                                    <li>\n                                        <i class=\"fal fa-calendar-alt\"><\/i>\n                                        7 February 2024                                    <\/li>\n                                <\/ul>\n                            <\/div>\n                        <\/div>\n                    <\/div>\n                                         \n                <\/div>\n            <\/div>\n        <\/section>\n        <!-- Blog Area end -->\n            \t\t\t\t<\/div>\n\t\t\t\t<\/div>\n\t\t\t\t\t<\/div>\n\t\t<\/div>\n\t\t\t\t\t<\/div>\n\t\t<\/section>\n\t\t\t\t<\/div>\n\t\t","protected":false},"excerpt":{"rendered":"<p>Ana Sayfa Blog Blog Blog posts Blog posts See All Uncategorized Arz Bau ile Kalite ve S\u00fcrd\u00fcr\u00fclebilirlikte Yeni Standartlar Maecenas pharetra convallis posuere morbi leo urna molestie at. Posuere urna nec tincidunt praesent semper feugiat nibh sed pulvinar. Nunc non blandit massa enim&#8230; View Details 0 By: equ1 7 \u015eubat 2024 Uncategorized Mobilya Se\u00e7imi T\u00fcyolar\u0131: [&hellip;]<\/p>\n","protected":false},"author":1,"featured_media":0,"parent":0,"menu_order":0,"comment_status":"closed","ping_status":"closed","template":"","meta":{"footnotes":""},"class_list":["post-2559","page","type-page","status-publish","hentry"],"_links":{"self":[{"href":"https:\/\/equ1.de\/en\/wp-json\/wp\/v2\/pages\/2559","targetHints":{"allow":["GET"]}}],"collection":[{"href":"https:\/\/equ1.de\/en\/wp-json\/wp\/v2\/pages"}],"about":[{"href":"https:\/\/equ1.de\/en\/wp-json\/wp\/v2\/types\/page"}],"author":[{"embeddable":true,"href":"https:\/\/equ1.de\/en\/wp-json\/wp\/v2\/users\/1"}],"replies":[{"embeddable":true,"href":"https:\/\/equ1.de\/en\/wp-json\/wp\/v2\/comments?post=2559"}],"version-history":[{"count":4,"href":"https:\/\/equ1.de\/en\/wp-json\/wp\/v2\/pages\/2559\/revisions"}],"predecessor-version":[{"id":3724,"href":"https:\/\/equ1.de\/en\/wp-json\/wp\/v2\/pages\/2559\/revisions\/3724"}],"wp:attachment":[{"href":"https:\/\/equ1.de\/en\/wp-json\/wp\/v2\/media?parent=2559"}],"curies":[{"name":"wp","href":"https:\/\/api.w.org\/{rel}","templated":true}]}}